{"id":1722,"date":"2019-01-25T13:51:14","date_gmt":"2019-01-25T13:51:14","guid":{"rendered":"https:\/\/mudanzasbrasil.com\/"},"modified":"2026-03-03T09:38:22","modified_gmt":"2026-03-03T09:38:22","slug":"mudanzas-valencia","status":"publish","type":"page","link":"https:\/\/mudanzasbrasil.com\/","title":{"rendered":"Inicio"},"content":{"rendered":"<div class=\"wpb-content-wrapper\">[vc_row css=\u00bb.vc_custom_1761486390486{margin-top: -120px !important;}\u00bb][vc_column]<div class=\"cws_spacing\"><div class=\"cws_spacing cws_spacing_default\" style=\"height:32px;\"><\/div><\/div>[vc_row_inner][vc_column_inner width=\u00bb1\/3&#8243; css=\u00bb.vc_custom_1550145656211{padding-right: 0px !important;padding-left: 0px !important;}\u00bb]<div id='cws_service_item_6a08ee342646b' class='cws_service_item cws_vc_shortcode_module title_above style_advanced a-left v-top add_hover  vc_custom_1761504639955 active'><div class='cws_service_item_wrapper clearfix'><h6 class='cws_service_title'><span class='service_title_wrapper'>01<\/span><\/h6><div class='cws_service_info'><div class='cws_service_desc clearfix'><div class='cws_custom_button_wrapper default small'><span><a href='' class='cws_custom_button'>MUDANZAS PEQUE\u00d1AS<\/a><\/span><\/div><\/div><\/div><\/div><\/div>[\/vc_column_inner][vc_column_inner width=\u00bb1\/3&#8243; css=\u00bb.vc_custom_1550145660915{padding-right: 0px !important;padding-left: 0px !important;}\u00bb]<div id='cws_service_item_6a08ee34267c2' class='cws_service_item cws_vc_shortcode_module title_above style_advanced a-left v-top add_hover  vc_custom_1761504674906 active'><div class='cws_service_item_wrapper clearfix'><h6 class='cws_service_title'><span class='service_title_wrapper'>02<\/span><\/h6><div class='cws_service_info'><div class='cws_service_desc clearfix'><div class='cws_custom_button_wrapper default small'><span><a href='' class='cws_custom_button'>MUDANZAS MEDIANAS<\/a><\/span><\/div><\/div><\/div><\/div><\/div>[\/vc_column_inner][vc_column_inner width=\u00bb1\/3&#8243; css=\u00bb.vc_custom_1550145665899{padding-right: 0px !important;padding-left: 0px !important;}\u00bb]<div id='cws_service_item_6a08ee3426ae1' class='cws_service_item cws_vc_shortcode_module title_above style_advanced a-left v-top add_hover  vc_custom_1761504702046 active'><div class='cws_service_item_wrapper clearfix'><h6 class='cws_service_title'><span class='service_title_wrapper'>03<\/span><\/h6><div class='cws_service_info'><div class='cws_service_desc clearfix'><div class='cws_custom_button_wrapper default small'><span><a href='' class='cws_custom_button'>MUDANZAS GRANDES<\/a><\/span><\/div><\/div><\/div><\/div><\/div>[\/vc_column_inner][\/vc_row_inner]<div class=\"cws_spacing\"><div class=\"cws_spacing cws_spacing_default\" style=\"height:70px;\"><\/div><\/div>[\/vc_column][\/vc_row][vc_row full_width=\u00bbstretch_row_content_no_spaces\u00bb equal_height=\u00bbyes\u00bb css=\u00bb.vc_custom_1761490723115{background-color: #000000 !important;}\u00bb][vc_column width=\u00bb1\/2&#8243; offset=\u00bbvc_col-lg-3&#8243;][vc_single_image image=\u00bb3331&#8243; img_size=\u00bbfull\u00bb alignment=\u00bbcenter\u00bb css=\u00bb\u00bb][\/vc_column][vc_column width=\u00bb1\/2&#8243; css=\u00bb.vc_custom_1550216002734{padding-right: 60px !important;padding-left: 60px !important;}\u00bb offset=\u00bbvc_col-lg-3&#8243;]<div class=\"cws_spacing cws_spacing_size_sm_desctop-on cws_spacing_tablet-on cws_spacing_mobile-on\"><div class=\"cws_spacing cws_spacing_default\" style=\"height:100px;\"><\/div> <div class=\"cws_spacing cws_spacing_size_sm_desctop\" style=\"height:100px;\"><\/div> <div class=\"cws_spacing cws_spacing_tablet\" style=\"height:30px;\"><\/div> <div class=\"cws_spacing cws_spacing_mobile\" style=\"height:50px;\"><\/div><\/div><div class='cws_textmodule cws_vc_shortcode_module' id='cws_textmodule_6a08ee3426f38'><div class='cws_textmodule_wrapper add_divider divider_style_underline'><div class='cws_textmodule_text text_align_left'><div class='cws_textmodule_titles display_block'><h1 class='cws_textmodule_title'><span>Mudanzas Locales<\/span><\/h1><\/div><div class='cws_textmodule_content'><div class='text_content_wrapper'><p>Trasladamos tu hogar u oficina dentro de <strong data-start=\"242\" data-end=\"268\">Valencia y alrededores<\/strong> con total seguridad.<\/p>\n<p>\u2705 Transporte r\u00e1pido y seguro.<br \/>\n\u2705 Desmontaje y montaje incluidos.<br \/>\n\u2705 Protecci\u00f3n especial.<\/p>\n<\/div><\/div><\/div><\/div><\/div><div class=\"cws_spacing\"><div class=\"cws_spacing cws_spacing_default\" style=\"height:40px;\"><\/div><\/div><div class='sc_button_wrapper align-left mobile-align-center'><div id='cws_vc_shortcode_button_6a08ee3427113' class='cws_custom_button_wrapper cws_sc_button regular default'><span><a href='#' class='cws_custom_button'><i class='flaticon-arrows-1 mr-10'><\/i><span>VER<\/span><\/a><\/span><\/div><\/div><div class=\"cws_spacing cws_spacing_size_sm_desctop-on cws_spacing_tablet-on cws_spacing_mobile-on\"><div class=\"cws_spacing cws_spacing_default\" style=\"height:90px;\"><\/div> <div class=\"cws_spacing cws_spacing_size_sm_desctop\" style=\"height:90px;\"><\/div> <div class=\"cws_spacing cws_spacing_tablet\" style=\"height:90px;\"><\/div> <div class=\"cws_spacing cws_spacing_mobile\" style=\"height:50px;\"><\/div><\/div>[\/vc_column][vc_column width=\u00bb1\/2&#8243; offset=\u00bbvc_col-lg-3&#8243;][vc_single_image image=\u00bb3333&#8243; img_size=\u00bbfull\u00bb alignment=\u00bbcenter\u00bb css=\u00bb\u00bb][\/vc_column][vc_column width=\u00bb1\/2&#8243; css=\u00bb.vc_custom_1550216017633{padding-right: 60px !important;padding-left: 60px !important;}\u00bb offset=\u00bbvc_col-lg-3&#8243;]<div class=\"cws_spacing cws_spacing_size_sm_desctop-on cws_spacing_tablet-on cws_spacing_mobile-on\"><div class=\"cws_spacing cws_spacing_default\" style=\"height:100px;\"><\/div> <div class=\"cws_spacing cws_spacing_size_sm_desctop\" style=\"height:100px;\"><\/div> <div class=\"cws_spacing cws_spacing_tablet\" style=\"height:30px;\"><\/div> <div class=\"cws_spacing cws_spacing_mobile\" style=\"height:50px;\"><\/div><\/div><div class='cws_textmodule cws_vc_shortcode_module' id='cws_textmodule_6a08ee34274f2'><div class='cws_textmodule_wrapper add_divider divider_style_underline'><div class='cws_textmodule_text text_align_left'><div class='cws_textmodule_titles display_block'><h1 class='cws_textmodule_title'><span>Mudanzas Internacionales en la UE<\/span><\/h1><\/div><div class='cws_textmodule_content'><div class='text_content_wrapper'><p>Llevamos tus pertenencias a cualquier ciudad de Espa\u00f1a con m\u00e1xima eficiencia.<\/p>\n<p>\u2705 Planificaci\u00f3n y log\u00edstica personalizada.<br data-start=\"573\" data-end=\"576\" \/>\u2705 Servicio expr\u00e9s disponible.<br data-start=\"605\" data-end=\"608\" \/>\u2705 Embalaje profesional para m\u00e1xima protecci\u00f3n.<\/p>\n<\/div><\/div><\/div><\/div><\/div><div class=\"cws_spacing\"><div class=\"cws_spacing cws_spacing_default\" style=\"height:40px;\"><\/div><\/div><div class='sc_button_wrapper align-left mobile-align-center'><div id='cws_vc_shortcode_button_6a08ee34276a0' class='cws_custom_button_wrapper cws_sc_button regular default'><span><a href='#' class='cws_custom_button'><i class='flaticon-arrows-1 mr-10'><\/i><span>VER<\/span><\/a><\/span><\/div><\/div><div class=\"cws_spacing cws_spacing_size_sm_desctop-on cws_spacing_tablet-on cws_spacing_mobile-on\"><div class=\"cws_spacing cws_spacing_default\" style=\"height:90px;\"><\/div> <div class=\"cws_spacing cws_spacing_size_sm_desctop\" style=\"height:90px;\"><\/div> <div class=\"cws_spacing cws_spacing_tablet\" style=\"height:90px;\"><\/div> <div class=\"cws_spacing cws_spacing_mobile\" style=\"height:50px;\"><\/div><\/div>[\/vc_column][\/vc_row][vc_row css=\u00bb.vc_custom_1761486673847{margin-top: 10px !important;}\u00bb][vc_column][vc_column_text css=\u00bb\u00bb]\n<h1><span style=\"color: #2f8942;\">SERVICIOS MUDANZAS BRASIL en valencia y alrededores\u00a0<\/span><\/h1>\n[\/vc_column_text][vc_tta_tabs][vc_tta_section title=\u00bbPISO 1 HABITACION\u00bb tab_id=\u00bb1548319692184-6aea39de-cf95&#8243;][vc_column_text css=\u00bb\u00bb]1 HABITACION\u00a0 DESDE 199\u20ac<\/p>\n<p><img fetchpriority=\"high\" decoding=\"async\" class=\" wp-image-3316 alignleft\" src=\"https:\/\/mudanzasbrasil.com\/wp-content\/uploads\/2025\/10\/pequeno1-300x229.png\" alt=\"\" width=\"452\" height=\"345\" srcset=\"https:\/\/mudanzasbrasil.com\/wp-content\/uploads\/2025\/10\/pequeno1-300x229.png 300w, https:\/\/mudanzasbrasil.com\/wp-content\/uploads\/2025\/10\/pequeno1.png 603w\" sizes=\"(max-width: 452px) 100vw, 452px\" \/>[\/vc_column_text][\/vc_tta_section][vc_tta_section title=\u00bbPISO 2 HABITACIONES\u00bb tab_id=\u00bb1761484755010-75cd0175-5e85&#8243;][vc_column_text css=\u00bb\u00bb]2 HABITACIONES DESDE 399\u20ac<\/p>\n<p><img decoding=\"async\" class=\"alignnone wp-image-3315 \" src=\"https:\/\/mudanzasbrasil.com\/wp-content\/uploads\/2025\/10\/mediano-300x232.png\" alt=\"\" width=\"414\" height=\"320\" srcset=\"https:\/\/mudanzasbrasil.com\/wp-content\/uploads\/2025\/10\/mediano-300x232.png 300w, https:\/\/mudanzasbrasil.com\/wp-content\/uploads\/2025\/10\/mediano.png 578w\" sizes=\"(max-width: 414px) 100vw, 414px\" \/>[\/vc_column_text][\/vc_tta_section][vc_tta_section title=\u00bbPISO 3 HABITACIONES\u00bb tab_id=\u00bb1761484765398-502c1eaa-666c\u00bb][vc_column_text css=\u00bb\u00bb]3 HABITACIONES\u00a0 DESDE 599\u20ac<\/p>\n<p><img decoding=\"async\" class=\"alignnone wp-image-3315 \" src=\"https:\/\/mudanzasbrasil.com\/wp-content\/uploads\/2025\/10\/mediano-300x232.png\" alt=\"\" width=\"365\" height=\"282\" srcset=\"https:\/\/mudanzasbrasil.com\/wp-content\/uploads\/2025\/10\/mediano-300x232.png 300w, https:\/\/mudanzasbrasil.com\/wp-content\/uploads\/2025\/10\/mediano.png 578w\" sizes=\"(max-width: 365px) 100vw, 365px\" \/>[\/vc_column_text][\/vc_tta_section][vc_tta_section title=\u00bbPISO 4 HABITACIONES\u00bb tab_id=\u00bb1761484762535-0d5dba49-542d\u00bb][vc_column_text css=\u00bb\u00bb]4 HABITACIONES\u00a0 DESDE 799\u20ac<\/p>\n<p><img loading=\"lazy\" decoding=\"async\" class=\"alignnone wp-image-3314 \" src=\"https:\/\/mudanzasbrasil.com\/wp-content\/uploads\/2025\/10\/grande-300x232.png\" alt=\"\" width=\"367\" height=\"284\" srcset=\"https:\/\/mudanzasbrasil.com\/wp-content\/uploads\/2025\/10\/grande-300x232.png 300w, https:\/\/mudanzasbrasil.com\/wp-content\/uploads\/2025\/10\/grande.png 578w\" sizes=\"(max-width: 367px) 100vw, 367px\" \/>[\/vc_column_text][\/vc_tta_section][vc_tta_section title=\u00bbCASA \/ CHALET\u00bb tab_id=\u00bb1548319692220-afac0b90-0525&#8243;][vc_column_text css=\u00bb\u00bb]CASA \/ CHALET DESDE 899\u20ac<\/p>\n<p><img loading=\"lazy\" decoding=\"async\" class=\"alignnone wp-image-3314\" src=\"https:\/\/mudanzasbrasil.com\/wp-content\/uploads\/2025\/10\/grande-300x232.png\" alt=\"\" width=\"398\" height=\"308\" srcset=\"https:\/\/mudanzasbrasil.com\/wp-content\/uploads\/2025\/10\/grande-300x232.png 300w, https:\/\/mudanzasbrasil.com\/wp-content\/uploads\/2025\/10\/grande.png 578w\" sizes=\"(max-width: 398px) 100vw, 398px\" \/>[\/vc_column_text][\/vc_tta_section][\/vc_tta_tabs][\/vc_column][\/vc_row][vc_row full_width=\u00bbstretch_row\u00bb][vc_column width=\u00bb1\/2&#8243;][vc_single_image image=\u00bb3353&#8243; img_size=\u00bb1000X800&#8243; css=\u00bb\u00bb][\/vc_column][vc_column width=\u00bb1\/2&#8243;]<div class=\"cws_spacing cws_spacing_size_sm_desctop-on cws_spacing_tablet-on cws_spacing_mobile-on\"><div class=\"cws_spacing cws_spacing_default\" style=\"height:110px;\"><\/div> <div class=\"cws_spacing cws_spacing_size_sm_desctop\" style=\"height:110px;\"><\/div> <div class=\"cws_spacing cws_spacing_tablet\" style=\"height:110px;\"><\/div> <div class=\"cws_spacing cws_spacing_mobile\" style=\"height:50px;\"><\/div><\/div><div class='cws_textmodule cws_vc_shortcode_module' id='cws_textmodule_6a08ee34279fb'><div class='cws_textmodule_wrapper '><div class='cws_textmodule_text text_align_left'><div class='cws_textmodule_titles display_block'><h1 class='cws_textmodule_title'><span>\u00bfPor Qu\u00e9 Elegirnos?<\/span><\/h1><\/div><div class='cws_textmodule_content'><div class='text_content_wrapper'><p>Sabemos que un cambio de domicilio puede ser un verdadero desaf\u00edo. Pero no te preocupes, porque estamos aqu\u00ed para hacer de tu mudanza una experiencia sencilla y sin complicaciones. Desde la primera consulta personalizada hasta la instalaci\u00f3n en tu nuevo hogar, nos encargamos de todos los detalles para que t\u00fa puedas relajarte y disfrutar del proceso.<\/p>\n<\/div><\/div><\/div><\/div><\/div>[vc_btn title=\u00bbLeer mas\u00bb style=\u00bbcustom\u00bb custom_background=\u00bb#2F8942&#8243; custom_text=\u00bb#FFFFFF\u00bb css=\u00bb.vc_custom_1761850680325{margin-top: 20px !important;}\u00bb link=\u00bburl:https%3A%2F%2Fmudanzasbrasil.com%2F%3Fpage_id%3D1231|title:Sobre%20Nosotros\u00bb]<div class=\"cws_spacing cws_spacing_size_sm_desctop-on cws_spacing_tablet-on cws_spacing_mobile-on\"><div class=\"cws_spacing cws_spacing_default\" style=\"height:110px;\"><\/div> <div class=\"cws_spacing cws_spacing_size_sm_desctop\" style=\"height:110px;\"><\/div> <div class=\"cws_spacing cws_spacing_tablet\" style=\"height:110px;\"><\/div> <div class=\"cws_spacing cws_spacing_mobile\" style=\"height:50px;\"><\/div><\/div>[\/vc_column][\/vc_row][vc_row full_width=\u00bbstretch_row\u00bb css=\u00bb.vc_custom_1762771095375{background: #2F8942 url(https:\/\/mudanzasbrasil.com\/wp-content\/uploads\/2019\/01\/bg_h4_1-1.png?id=2098) !important;}\u00bb][vc_column]<div class=\"cws_spacing cws_spacing_size_sm_desctop-on cws_spacing_tablet-on cws_spacing_mobile-on\"><div class=\"cws_spacing cws_spacing_default\" style=\"height:150px;\"><\/div> <div class=\"cws_spacing cws_spacing_size_sm_desctop\" style=\"height:150px;\"><\/div> <div class=\"cws_spacing cws_spacing_tablet\" style=\"height:150px;\"><\/div> <div class=\"cws_spacing cws_spacing_mobile\" style=\"height:70px;\"><\/div><\/div>[vc_raw_html css=\u00bb\u00bb]JTVCdHJ1c3RpbmRleCUyMG5vLXJlZ2lzdHJhdGlvbiUzRGdvb2dsZSU1RA==[\/vc_raw_html]<div class=\"cws_spacing\"><div class=\"cws_spacing cws_spacing_default\" style=\"height:150px;\"><\/div><\/div>[\/vc_column][\/vc_row][vc_row disable_element=\u00bbyes\u00bb][vc_column][vc_column_text css=\u00bb\u00bb]\n<h1><span style=\"color: #2f8942;\">SERVICIOS REALIZADOS<\/span><\/h1>\n[\/vc_column_text][vc_raw_html css=\u00bb\u00bb]JTVCdmNfY29sdW1uX3RleHQlMjBjc3MlM0QlMjIlMjIlNUQlNUJnYWxsZXJ5JTIwc2l6ZSUzRCUyMmZ1bGwlMjIlMjBsaW5rJTNEJTIyZmlsZSUyMiUyMGlkcyUzRCUyMjMzOTQlMkMzMzkzJTJDMzM5MSUyQzMzOTAlMkMzMzkyJTIyJTVEJTVCJTJGdmNfY29sdW1uX3RleHQlNUQ=[\/vc_raw_html][\/vc_column][\/vc_row]\n<\/div>","protected":false},"excerpt":{"rendered":"<p>[vc_row css=\u00bb.vc_custom_1761486390486{margin-top: -120px !important;}\u00bb][vc_column][vc_row_inner][vc_column_inner width=\u00bb1\/3&#8243; css=\u00bb.vc_custom_1550145656211{padding-right: 0px !important;padding-left: 0px !important;}\u00bb][\/vc_column_inner][vc_column_inner width=\u00bb1\/3&#8243; css=\u00bb.vc_custom_1550145660915{padding-right: 0px !important;padding-left: 0px !important;}\u00bb][\/vc_column_inner][vc_column_inner width=\u00bb1\/3&#8243; css=\u00bb.vc_custom_1550145665899{padding-right: 0px !important;padding-left: 0px !important;}\u00bb][\/vc_column_inner][\/vc_row_inner][\/vc_column][\/vc_row][vc_row full_width=\u00bbstretch_row_content_no_spaces\u00bb equal_height=\u00bbyes\u00bb css=\u00bb.vc_custom_1761490723115{background-color: #000000 !important;}\u00bb][vc_column width=\u00bb1\/2&#8243; offset=\u00bbvc_col-lg-3&#8243;][vc_single_image image=\u00bb3331&#8243; img_size=\u00bbfull\u00bb alignment=\u00bbcenter\u00bb css=\u00bb\u00bb][\/vc_column][vc_column width=\u00bb1\/2&#8243; css=\u00bb.vc_custom_1550216002734{padding-right: 60px !important;padding-left: 60px !important;}\u00bb offset=\u00bbvc_col-lg-3&#8243;][\/vc_column][vc_column width=\u00bb1\/2&#8243; offset=\u00bbvc_col-lg-3&#8243;][vc_single_image image=\u00bb3333&#8243; img_size=\u00bbfull\u00bb alignment=\u00bbcenter\u00bb css=\u00bb\u00bb][\/vc_column][vc_column width=\u00bb1\/2&#8243; css=\u00bb.vc_custom_1550216017633{padding-right: 60px !important;padding-left: 60px !important;}\u00bb offset=\u00bbvc_col-lg-3&#8243;][\/vc_column][\/vc_row][vc_row css=\u00bb.vc_custom_1761486673847{margin-top: 10px !important;}\u00bb][vc_column][vc_column_text css=\u00bb\u00bb] SERVICIOS MUDANZAS BRASIL en valencia y alrededores\u00a0 [\/vc_column_text][vc_tta_tabs][vc_tta_section title=\u00bbPISO 1 HABITACION\u00bb tab_id=\u00bb1548319692184-6aea39de-cf95&#8243;][vc_column_text css=\u00bb\u00bb]1 HABITACION\u00a0 DESDE 199\u20ac [\/vc_column_text][\/vc_tta_section][vc_tta_section title=\u00bbPISO 2 HABITACIONES\u00bb tab_id=\u00bb1761484755010-75cd0175-5e85&#8243;][vc_column_text css=\u00bb\u00bb]2 HABITACIONES DESDE 399\u20ac [\/vc_column_text][\/vc_tta_section][vc_tta_section title=\u00bbPISO 3 HABITACIONES\u00bb tab_id=\u00bb1761484765398-502c1eaa-666c\u00bb][vc_column_text css=\u00bb\u00bb]3 HABITACIONES\u00a0 DESDE 599\u20ac [\/vc_column_text][\/vc_tta_section][vc_tta_section title=\u00bbPISO 4 HABITACIONES\u00bb tab_id=\u00bb1761484762535-0d5dba49-542d\u00bb][vc_column_text css=\u00bb\u00bb]4 HABITACIONES\u00a0 DESDE 799\u20ac [\/vc_column_text][\/vc_tta_section][vc_tta_section title=\u00bbCASA \/ CHALET\u00bb tab_id=\u00bb1548319692220-afac0b90-0525&#8243;][vc_column_text css=\u00bb\u00bb]CASA \/ CHALET DESDE 899\u20ac [\/vc_column_text][\/vc_tta_section][\/vc_tta_tabs][\/vc_column][\/vc_row][vc_row full_width=\u00bbstretch_row\u00bb][vc_column width=\u00bb1\/2&#8243;][vc_single_image image=\u00bb3353&#8243; img_size=\u00bb1000X800&#8243; css=\u00bb\u00bb][\/vc_column][vc_column width=\u00bb1\/2&#8243;][vc_btn title=\u00bbLeer mas\u00bb style=\u00bbcustom\u00bb custom_background=\u00bb#2F8942&#8243; custom_text=\u00bb#FFFFFF\u00bb css=\u00bb.vc_custom_1761850680325{margin-top: 20px !important;}\u00bb link=\u00bburl:https%3A%2F%2Fmudanzasbrasil.com%2F%3Fpage_id%3D1231|title:Sobre%20Nosotros\u00bb][\/vc_column][\/vc_row][vc_row full_width=\u00bbstretch_row\u00bb css=\u00bb.vc_custom_1762771095375{background: #2F8942 url(https:\/\/mudanzasbrasil.com\/wp-content\/uploads\/2019\/01\/bg_h4_1-1.png?id=2098) !important;}\u00bb][vc_column][vc_raw_html css=\u00bb\u00bb]JTVCdHJ1c3RpbmRleCUyMG5vLXJlZ2lzdHJhdGlvbiUzRGdvb2dsZSU1RA==[\/vc_raw_html][\/vc_column][\/vc_row][vc_row disable_element=\u00bbyes\u00bb][vc_column][vc_column_text css=\u00bb\u00bb] SERVICIOS REALIZADOS [\/vc_column_text][vc_raw_html css=\u00bb\u00bb]JTVCdmNfY29sdW1uX3RleHQlMjBjc3MlM0QlMjIlMjIlNUQlNUJnYWxsZXJ5JTIwc2l6ZSUzRCUyMmZ1bGwlMjIlMjBsaW5rJTNEJTIyZmlsZSUyMiUyMGlkcyUzRCUyMjMzOTQlMkMzMzkzJTJDMzM5MSUyQzMzOTAlMkMzMzkyJTIyJTVEJTVCJTJGdmNfY29sdW1uX3RleHQlNUQ=[\/vc_raw_html][\/vc_column][\/vc_row]<\/p>\n","protected":false},"author":1,"featured_media":0,"parent":0,"menu_order":0,"comment_status":"closed","ping_status":"closed","template":"","meta":{"footnotes":""},"class_list":["post-1722","page","type-page","status-publish","hentry"],"yoast_head":"<!-- This site is optimized with the Yoast SEO plugin v27.6 - https:\/\/yoast.com\/product\/yoast-seo-wordpress\/ -->\n<title>Inicio - Mudanzas Brasil Valencia y alrededores<\/title>\n<meta name=\"description\" content=\"Mudanzas Brasil ofrece mudanzas r\u00e1pidas, seguras y econ\u00f3micas. Servicio profesional de transporte y embalaje en todo Espa\u00f1a. \u00a1Tu mudanza sin estr\u00e9s!\" \/>\n<meta name=\"robots\" content=\"index, follow, max-snippet:-1, max-image-preview:large, max-video-preview:-1\" \/>\n<link rel=\"canonical\" href=\"https:\/\/mudanzasbrasil.com\/\" \/>\n<meta property=\"og:locale\" content=\"es_ES\" \/>\n<meta property=\"og:type\" content=\"article\" \/>\n<meta property=\"og:title\" content=\"Inicio - Mudanzas Brasil Valencia y alrededores\" \/>\n<meta property=\"og:description\" content=\"Mudanzas Brasil ofrece mudanzas r\u00e1pidas, seguras y econ\u00f3micas. Servicio profesional de transporte y embalaje en todo Espa\u00f1a. \u00a1Tu mudanza sin estr\u00e9s!\" \/>\n<meta property=\"og:url\" content=\"https:\/\/mudanzasbrasil.com\/\" \/>\n<meta property=\"og:site_name\" content=\"Mudanzas Brasil Valencia y alrededores\" \/>\n<meta property=\"article:modified_time\" content=\"2026-03-03T09:38:22+00:00\" \/>\n<meta property=\"og:image\" content=\"https:\/\/mudanzasbrasil.com\/wp-content\/uploads\/2025\/10\/pequeno1-300x229.png\" \/>\n<meta name=\"twitter:card\" content=\"summary_large_image\" \/>\n<meta name=\"twitter:label1\" content=\"Tiempo de lectura\" \/>\n\t<meta name=\"twitter:data1\" content=\"3 minutos\" \/>\n<script type=\"application\/ld+json\" class=\"yoast-schema-graph\">{\"@context\":\"https:\\\/\\\/schema.org\",\"@graph\":[{\"@type\":\"WebPage\",\"@id\":\"https:\\\/\\\/mudanzasbrasil.com\\\/\",\"url\":\"https:\\\/\\\/mudanzasbrasil.com\\\/\",\"name\":\"Inicio - Mudanzas Brasil Valencia y alrededores\",\"isPartOf\":{\"@id\":\"https:\\\/\\\/mudanzasbrasil.com\\\/#website\"},\"primaryImageOfPage\":{\"@id\":\"https:\\\/\\\/mudanzasbrasil.com\\\/#primaryimage\"},\"image\":{\"@id\":\"https:\\\/\\\/mudanzasbrasil.com\\\/#primaryimage\"},\"thumbnailUrl\":\"https:\\\/\\\/mudanzasbrasil.com\\\/wp-content\\\/uploads\\\/2025\\\/10\\\/pequeno1-300x229.png\",\"datePublished\":\"2019-01-25T13:51:14+00:00\",\"dateModified\":\"2026-03-03T09:38:22+00:00\",\"description\":\"Mudanzas Brasil ofrece mudanzas r\u00e1pidas, seguras y econ\u00f3micas. Servicio profesional de transporte y embalaje en todo Espa\u00f1a. \u00a1Tu mudanza sin estr\u00e9s!\",\"breadcrumb\":{\"@id\":\"https:\\\/\\\/mudanzasbrasil.com\\\/#breadcrumb\"},\"inLanguage\":\"es\",\"potentialAction\":[{\"@type\":\"ReadAction\",\"target\":[\"https:\\\/\\\/mudanzasbrasil.com\\\/\"]}]},{\"@type\":\"ImageObject\",\"inLanguage\":\"es\",\"@id\":\"https:\\\/\\\/mudanzasbrasil.com\\\/#primaryimage\",\"url\":\"https:\\\/\\\/mudanzasbrasil.com\\\/wp-content\\\/uploads\\\/2025\\\/10\\\/pequeno1.png\",\"contentUrl\":\"https:\\\/\\\/mudanzasbrasil.com\\\/wp-content\\\/uploads\\\/2025\\\/10\\\/pequeno1.png\",\"width\":603,\"height\":461},{\"@type\":\"BreadcrumbList\",\"@id\":\"https:\\\/\\\/mudanzasbrasil.com\\\/#breadcrumb\",\"itemListElement\":[{\"@type\":\"ListItem\",\"position\":1,\"name\":\"Portada\",\"item\":\"https:\\\/\\\/mudanzasbrasil.com\\\/\"},{\"@type\":\"ListItem\",\"position\":2,\"name\":\"Inicio\"}]},{\"@type\":\"WebSite\",\"@id\":\"https:\\\/\\\/mudanzasbrasil.com\\\/#website\",\"url\":\"https:\\\/\\\/mudanzasbrasil.com\\\/\",\"name\":\"MudanzasBrazil\",\"description\":\"Mudanzas en Valencia y alrededores\",\"potentialAction\":[{\"@type\":\"SearchAction\",\"target\":{\"@type\":\"EntryPoint\",\"urlTemplate\":\"https:\\\/\\\/mudanzasbrasil.com\\\/?s={search_term_string}\"},\"query-input\":{\"@type\":\"PropertyValueSpecification\",\"valueRequired\":true,\"valueName\":\"search_term_string\"}}],\"inLanguage\":\"es\"}]}<\/script>\n<!-- \/ Yoast SEO plugin. -->","yoast_head_json":{"title":"Inicio - Mudanzas Brasil Valencia y alrededores","description":"Mudanzas Brasil ofrece mudanzas r\u00e1pidas, seguras y econ\u00f3micas. Servicio profesional de transporte y embalaje en todo Espa\u00f1a. \u00a1Tu mudanza sin estr\u00e9s!","robots":{"index":"index","follow":"follow","max-snippet":"max-snippet:-1","max-image-preview":"max-image-preview:large","max-video-preview":"max-video-preview:-1"},"canonical":"https:\/\/mudanzasbrasil.com\/","og_locale":"es_ES","og_type":"article","og_title":"Inicio - Mudanzas Brasil Valencia y alrededores","og_description":"Mudanzas Brasil ofrece mudanzas r\u00e1pidas, seguras y econ\u00f3micas. Servicio profesional de transporte y embalaje en todo Espa\u00f1a. \u00a1Tu mudanza sin estr\u00e9s!","og_url":"https:\/\/mudanzasbrasil.com\/","og_site_name":"Mudanzas Brasil Valencia y alrededores","article_modified_time":"2026-03-03T09:38:22+00:00","og_image":[{"url":"https:\/\/mudanzasbrasil.com\/wp-content\/uploads\/2025\/10\/pequeno1-300x229.png","type":"","width":"","height":""}],"twitter_card":"summary_large_image","twitter_misc":{"Tiempo de lectura":"3 minutos"},"schema":{"@context":"https:\/\/schema.org","@graph":[{"@type":"WebPage","@id":"https:\/\/mudanzasbrasil.com\/","url":"https:\/\/mudanzasbrasil.com\/","name":"Inicio - Mudanzas Brasil Valencia y alrededores","isPartOf":{"@id":"https:\/\/mudanzasbrasil.com\/#website"},"primaryImageOfPage":{"@id":"https:\/\/mudanzasbrasil.com\/#primaryimage"},"image":{"@id":"https:\/\/mudanzasbrasil.com\/#primaryimage"},"thumbnailUrl":"https:\/\/mudanzasbrasil.com\/wp-content\/uploads\/2025\/10\/pequeno1-300x229.png","datePublished":"2019-01-25T13:51:14+00:00","dateModified":"2026-03-03T09:38:22+00:00","description":"Mudanzas Brasil ofrece mudanzas r\u00e1pidas, seguras y econ\u00f3micas. Servicio profesional de transporte y embalaje en todo Espa\u00f1a. \u00a1Tu mudanza sin estr\u00e9s!","breadcrumb":{"@id":"https:\/\/mudanzasbrasil.com\/#breadcrumb"},"inLanguage":"es","potentialAction":[{"@type":"ReadAction","target":["https:\/\/mudanzasbrasil.com\/"]}]},{"@type":"ImageObject","inLanguage":"es","@id":"https:\/\/mudanzasbrasil.com\/#primaryimage","url":"https:\/\/mudanzasbrasil.com\/wp-content\/uploads\/2025\/10\/pequeno1.png","contentUrl":"https:\/\/mudanzasbrasil.com\/wp-content\/uploads\/2025\/10\/pequeno1.png","width":603,"height":461},{"@type":"BreadcrumbList","@id":"https:\/\/mudanzasbrasil.com\/#breadcrumb","itemListElement":[{"@type":"ListItem","position":1,"name":"Portada","item":"https:\/\/mudanzasbrasil.com\/"},{"@type":"ListItem","position":2,"name":"Inicio"}]},{"@type":"WebSite","@id":"https:\/\/mudanzasbrasil.com\/#website","url":"https:\/\/mudanzasbrasil.com\/","name":"MudanzasBrazil","description":"Mudanzas en Valencia y alrededores","potentialAction":[{"@type":"SearchAction","target":{"@type":"EntryPoint","urlTemplate":"https:\/\/mudanzasbrasil.com\/?s={search_term_string}"},"query-input":{"@type":"PropertyValueSpecification","valueRequired":true,"valueName":"search_term_string"}}],"inLanguage":"es"}]}},"_links":{"self":[{"href":"https:\/\/mudanzasbrasil.com\/index.php?rest_route=\/wp\/v2\/pages\/1722","targetHints":{"allow":["GET"]}}],"collection":[{"href":"https:\/\/mudanzasbrasil.com\/index.php?rest_route=\/wp\/v2\/pages"}],"about":[{"href":"https:\/\/mudanzasbrasil.com\/index.php?rest_route=\/wp\/v2\/types\/page"}],"author":[{"embeddable":true,"href":"https:\/\/mudanzasbrasil.com\/index.php?rest_route=\/wp\/v2\/users\/1"}],"replies":[{"embeddable":true,"href":"https:\/\/mudanzasbrasil.com\/index.php?rest_route=%2Fwp%2Fv2%2Fcomments&post=1722"}],"version-history":[{"count":52,"href":"https:\/\/mudanzasbrasil.com\/index.php?rest_route=\/wp\/v2\/pages\/1722\/revisions"}],"predecessor-version":[{"id":3593,"href":"https:\/\/mudanzasbrasil.com\/index.php?rest_route=\/wp\/v2\/pages\/1722\/revisions\/3593"}],"wp:attachment":[{"href":"https:\/\/mudanzasbrasil.com\/index.php?rest_route=%2Fwp%2Fv2%2Fmedia&parent=1722"}],"curies":[{"name":"wp","href":"https:\/\/api.w.org\/{rel}","templated":true}]}}